{"id":53,"date":"2024-07-24T19:52:17","date_gmt":"2024-07-24T17:52:17","guid":{"rendered":"https:\/\/365fichaje.com\/?page_id=53"},"modified":"2025-03-13T19:59:04","modified_gmt":"2025-03-13T18:59:04","slug":"avis-legal","status":"publish","type":"page","link":"https:\/\/365fichaje.com\/?page_id=53","title":{"rendered":"Av\u00eds Legal"},"content":{"rendered":"<p>[et_pb_section fb_built=\u00bb1&#8243; _builder_version=\u00bb4.27.0&#8243; _module_preset=\u00bbdefault\u00bb global_colors_info=\u00bb{}\u00bb][et_pb_row _builder_version=\u00bb4.27.0&#8243; _module_preset=\u00bbdefault\u00bb global_colors_info=\u00bb{}\u00bb][et_pb_column type=\u00bb4_4&#8243; _builder_version=\u00bb4.27.0&#8243; _module_preset=\u00bbdefault\u00bb global_colors_info=\u00bb{}\u00bb][et_pb_text _builder_version=\u00bb4.27.0&#8243; _module_preset=\u00bbdefault\u00bb text_orientation=\u00bbjustified\u00bb global_colors_info=\u00bb{}\u00bb]<\/p>\n<p><strong>Identificaci\u00f3 i Titularitat<\/strong><br \/>En compliment de l&#8217;article 10 de la Llei 34\/2002, de l&#8217;11 de juliol, de Serveis de la Societat de la Informaci\u00f3 i Comer\u00e7 Electr\u00f2nic, el Titular exposa les seves dades identificatives:<\/p>\n<p><span style=\"color: #e02b20;\">Titular:\u00a0<\/span><br \/><span style=\"color: #e02b20;\">NIF:\u00a0<\/span><br \/><span style=\"color: #e02b20;\">Domicili:\u00a0<\/span><br \/>Correu electr\u00f2nic: <a rel=\"noopener\">info@365fichaje.com<\/a><br \/>Lloc Web: <a rel=\"noopener\" target=\"_new\" href=\"https:\/\/365fichaje.com\/\">https:\/\/365fichaje.com\/<\/a><\/p>\n<p><strong>Condicions d&#8217;\u00das<\/strong><br \/>L&#8217;\u00fas del Lloc Web li atorga la condici\u00f3 d&#8217;Usuari, i implica l&#8217;acceptaci\u00f3 completa de totes les cl\u00e0usules i condicions d&#8217;\u00fas incloses en les p\u00e0gines:<\/p>\n<ul>\n<li><a href=\"https:\/\/365fichaje.com\/avis-legal\">Av\u00eds Legal<\/a><\/li>\n<li><a href=\"https:\/\/365fichaje.com\/politica-de-privacitat\/\">Pol\u00edtica de Privacitat<\/a><\/li>\n<\/ul>\n<p>Si no est\u00e0 conforme amb totes i cadascuna d&#8217;aquestes cl\u00e0usules i condicions, abstingui&#8217;s d&#8217;utilitzar el Lloc Web.<\/p>\n<p>L&#8217;acc\u00e9s al Lloc Web no suposa, en cap cas, l&#8217;inici d&#8217;una relaci\u00f3 comercial amb el Titular.<\/p>\n<p>A trav\u00e9s del Lloc Web, el Titular li facilita l&#8217;acc\u00e9s i la utilitzaci\u00f3 de diversos continguts que el Titular i\/o els seus col\u00b7laboradors han publicat per mitj\u00e0 d&#8217;Internet.<\/p>\n<p>A tal efecte, est\u00e0 obligat i es compromet a NO utilitzar qualsevol dels continguts del Lloc Web amb fins o efectes il\u00b7l\u00edcits, prohibits en aquest Av\u00eds Legal o per la legislaci\u00f3 vigent, lesius dels drets i interessos de tercers, o que de qualsevol manera puguin danyar, inutilitzar, sobrecarregar, deteriorar o impedir la normal utilitzaci\u00f3 dels continguts, els equips inform\u00e0tics o els documents, arxius i tota mena de continguts emmagatzemats en qualsevol equip inform\u00e0tic propis o contractats pel Titular, d&#8217;altres usuaris o de qualsevol usuari d&#8217;Internet.<\/p>\n<p><strong>Mesures de seguretat<\/strong><br \/>Les dades personals que faciliti al Titular poden ser emmagatzemades en bases de dades automatitzades o no, la titularitat de les quals correspon en exclusiva al Titular, que assumeix totes les mesures de car\u00e0cter t\u00e8cnic, organitzatiu i de seguretat que garanteixen la confidencialitat, integritat i qualitat de la informaci\u00f3 continguda en les mateixes d&#8217;acord amb el que estableix la normativa vigent en protecci\u00f3 de dades.<\/p>\n<p>Tanmateix, ha de ser conscient que les mesures de seguretat dels sistemes inform\u00e0tics a Internet no s\u00f3n completament fiables i que, per tant, el Titular no pot garantir la inexist\u00e8ncia de virus o altres elements que puguin produir alteracions en els sistemes inform\u00e0tics (software i hardware) de l&#8217;Usuari o en els seus documents electr\u00f2nics i fitxers continguts en els mateixos, encara que el Titular posa tots els mitjans necessaris i pren les mesures de seguretat oportunes per evitar la pres\u00e8ncia d&#8217;aquests elements nocius.<\/p>\n<p><strong>Tractament de Dades Personals<\/strong><br \/>Podeu consultar tota la informaci\u00f3 relativa al tractament de dades personals que recull el Titular a la p\u00e0gina de Pol\u00edtica de Privacitat.<\/p>\n<p><strong>Continguts<\/strong><br \/>El Titular ha obtingut la informaci\u00f3, el contingut multim\u00e8dia i els materials inclosos en el Lloc Web de fonts que considera fiables, per\u00f2, tot i que ha pres totes les mesures raonables per assegurar que la informaci\u00f3 continguda \u00e9s correcta, el Titular no garanteix que sigui exacta, completa o actualitzada. El Titular declina expressament qualsevol responsabilitat per error o omissi\u00f3 en la informaci\u00f3 continguda en les p\u00e0gines del Lloc Web.<\/p>\n<p>Queda prohibit transmetre o enviar a trav\u00e9s del Lloc Web qualsevol contingut il\u00b7legal o il\u00b7l\u00edcit, virus inform\u00e0tics, o missatges que, en general, afectin o violin drets del Titular o de tercers.<\/p>\n<p>Els continguts del Lloc Web tenen \u00fanicament una finalitat informativa i en cap circumst\u00e0ncia han de ser utilitzats ni considerats com a oferta de venda, sol\u00b7licitud d&#8217;una oferta de compra ni recomanaci\u00f3 per realitzar qualsevol altra operaci\u00f3, llevat que aix\u00ed s&#8217;indiqui expressament.<\/p>\n<p>El Titular es reserva el dret a modificar, suspendre, cancel\u00b7lar o restringir el contingut del Lloc Web, els vincles o la informaci\u00f3 obtinguda a trav\u00e9s del Lloc Web, sense necessitat de previ av\u00eds.<\/p>\n<p>El Titular no \u00e9s responsable dels danys i perjudicis que puguin derivar-se de la utilitzaci\u00f3 de la informaci\u00f3 del Lloc Web.<\/p>\n<p><strong>Pol\u00edtica de cookies<\/strong><br \/>El Titular obt\u00e9 i conserva la seg\u00fcent informaci\u00f3 sobre els visitants del Lloc Web:<\/p>\n<ul>\n<li>El nom de domini del prove\u00efdor (PSI) i\/o adre\u00e7a IP que els d\u00f3na acc\u00e9s a la xarxa.<\/li>\n<li>La data i hora d&#8217;acc\u00e9s al lloc Web.<\/li>\n<li>L&#8217;adre\u00e7a d&#8217;Internet origen de l&#8217;enlla\u00e7 que dirigeix al lloc Web.<\/li>\n<li>El nombre de visitants diaris de cada secci\u00f3.<\/li>\n<\/ul>\n<p>La informaci\u00f3 obtinguda \u00e9s totalment an\u00f2nima, i en cap cas pot ser associada a un Usuari concret i identificat.<\/p>\n<p><strong>Enlla\u00e7os a altres llocs Web<\/strong><br \/>El Titular pot proporcionar-li acc\u00e9s a llocs Web de tercers mitjan\u00e7ant enlla\u00e7os amb la finalitat exclusiva d&#8217;informar sobre l&#8217;exist\u00e8ncia d&#8217;altres fonts d&#8217;informaci\u00f3 a Internet en qu\u00e8 podr\u00e0 ampliar les dades ofertes en el Lloc Web.<\/p>\n<p>Aquests enlla\u00e7os a altres llocs Web no suposen en cap cas una sugger\u00e8ncia o recomanaci\u00f3 perqu\u00e8 vost\u00e8 visiti les p\u00e0gines web de destinaci\u00f3, que estan fora del control del Titular, per la qual cosa el Titular no \u00e9s responsable del contingut dels llocs web vinculats ni del resultat que obtingui en seguir els enlla\u00e7os. Aix\u00ed mateix, el Titular no respon dels links o enlla\u00e7os ubicats en els llocs web vinculats als quals li proporciona acc\u00e9s.<\/p>\n<p>L&#8217;establiment de l&#8217;enlla\u00e7 no implica en cap cas l&#8217;exist\u00e8ncia de relacions entre el Titular i el propietari del lloc en qu\u00e8 s&#8217;estableixi l&#8217;enlla\u00e7, ni l&#8217;acceptaci\u00f3 o aprovaci\u00f3 per part del Titular dels seus continguts o serveis.<\/p>\n<p>Si accedeix a un lloc web extern des d&#8217;un enlla\u00e7 que trobi en el Lloc Web, vost\u00e8 haur\u00e0 de llegir la pr\u00f2pia pol\u00edtica de privacitat de l&#8217;altre lloc web que pot ser diferent de la d&#8217;aquest lloc Web.<\/p>\n<p><strong>Propietat intel\u00b7lectual i industrial<\/strong><br \/>Tots els drets estan reservats.<\/p>\n<p>Tot acc\u00e9s a aquest Lloc Web est\u00e0 subjecte a les condicions seg\u00fcents: la reproducci\u00f3, emmagatzematge permanent i la difusi\u00f3 dels continguts o qualsevol altre \u00fas que tingui finalitat p\u00fablica o comercial queda expressament prohibida sense el consentiment previ expr\u00e9s i per escrit del Titular.<\/p>\n<p><strong>Limitaci\u00f3 de responsabilitat<\/strong><br \/>La informaci\u00f3 i serveis inclosos o disponibles a trav\u00e9s del Lloc Web poden incloure incorreccions o errors tipogr\u00e0fics. De forma peri\u00f2dica, el Titular incorpora millores i\/o canvis a la informaci\u00f3 continguda i\/o els Serveis que pot introduir en qualsevol moment.<\/p>\n<p>El Titular no declara ni garanteix que els serveis o continguts siguin ininterromputs o que estiguin lliures d&#8217;errors, que els defectes siguin corregits, o que el servei o el servidor que el posa a disposici\u00f3 estiguin lliures de virus o altres components nocius sense perjudici que el Titular realitza tots els esfor\u00e7os per evitar aquest tipus d&#8217;incidents.<\/p>\n<p>El Titular declina qualsevol responsabilitat en cas que existeixin interrupcions o un mal funcionament dels Serveis o continguts oferts a Internet, sigui quina sigui la seva causa. Aix\u00ed mateix, el Titular no es fa responsable per caigudes de la xarxa, p\u00e8rdues de negoci a conseq\u00fc\u00e8ncia d&#8217;aquestes caigudes, suspensions temporals de fluid el\u00e8ctric o qualsevol altre tipus de dany indirecte que li pugui ser causat per causes alienes al Titular.<\/p>\n<p>Abans de prendre decisions i\/o accions amb base en la informaci\u00f3 inclosa en el Lloc Web, el Titular li recomana comprovar i contrastar la informaci\u00f3 rebuda amb altres fonts.<\/p>\n<p><strong>Jurisdicci\u00f3<\/strong><br \/>Aquest Av\u00eds Legal es regeix \u00edntegrament per la legislaci\u00f3 espanyola.<\/p>\n<p>Sempre que no hi hagi una norma que obligui a una altra cosa, per a quantes q\u00fcestions es suscitin sobre la interpretaci\u00f3, aplicaci\u00f3 i compliment d&#8217;aquest Av\u00eds Legal, aix\u00ed com de les reclamacions que puguin derivar-se del seu \u00fas, les parts acorden sotmetre&#8217;s als Jutges i Tribunals de la prov\u00edncia de Barcelona, amb ren\u00fancia expressa de qualsevol altra jurisdicci\u00f3 que els pogu\u00e9s correspondre.<\/p>\n<p><strong>Contacte<\/strong><br \/>En cas que tingui qualsevol dubte sobre aquest Av\u00eds Legal o vulgui fer qualsevol comentari sobre el Lloc Web, pot enviar un missatge de correu electr\u00f2nic a l&#8217;adre\u00e7a: <a rel=\"noopener\">info@365fichaje.com<\/a><\/p>\n<p>[\/et_pb_text][\/et_pb_column][\/et_pb_row][\/et_pb_section]<\/p>\n","protected":false},"excerpt":{"rendered":"<p>[et_pb_section fb_built=\u00bb1&#8243; _builder_version=\u00bb4.27.0&#8243; _module_preset=\u00bbdefault\u00bb global_colors_info=\u00bb{}\u00bb][et_pb_row _builder_version=\u00bb4.27.0&#8243; _module_preset=\u00bbdefault\u00bb global_colors_info=\u00bb{}\u00bb][et_pb_column type=\u00bb4_4&#8243; _builder_version=\u00bb4.27.0&#8243; _module_preset=\u00bbdefault\u00bb global_colors_info=\u00bb{}\u00bb][et_pb_text _builder_version=\u00bb4.27.0&#8243; _module_preset=\u00bbdefault\u00bb text_orientation=\u00bbjustified\u00bb global_colors_info=\u00bb{}\u00bb] Identificaci\u00f3 i TitularitatEn compliment de l&#8217;article 10 de la Llei 34\/2002, de l&#8217;11 de juliol, de Serveis de la Societat de la Informaci\u00f3 i Comer\u00e7 Electr\u00f2nic, el Titular exposa les seves dades identificatives: Titular:\u00a0NIF:\u00a0Domicili:\u00a0Correu electr\u00f2nic: info@365fichaje.comLloc Web: https:\/\/365fichaje.com\/ Condicions [&hellip;]<\/p>\n","protected":false},"author":8,"featured_media":0,"parent":0,"menu_order":0,"comment_status":"closed","ping_status":"closed","template":"","meta":{"footnotes":""},"class_list":["post-53","page","type-page","status-publish","hentry"],"_links":{"self":[{"href":"https:\/\/365fichaje.com\/index.php?rest_route=\/wp\/v2\/pages\/53","targetHints":{"allow":["GET"]}}],"collection":[{"href":"https:\/\/365fichaje.com\/index.php?rest_route=\/wp\/v2\/pages"}],"about":[{"href":"https:\/\/365fichaje.com\/index.php?rest_route=\/wp\/v2\/types\/page"}],"author":[{"embeddable":true,"href":"https:\/\/365fichaje.com\/index.php?rest_route=\/wp\/v2\/users\/8"}],"replies":[{"embeddable":true,"href":"https:\/\/365fichaje.com\/index.php?rest_route=%2Fwp%2Fv2%2Fcomments&post=53"}],"version-history":[{"count":1,"href":"https:\/\/365fichaje.com\/index.php?rest_route=\/wp\/v2\/pages\/53\/revisions"}],"predecessor-version":[{"id":973,"href":"https:\/\/365fichaje.com\/index.php?rest_route=\/wp\/v2\/pages\/53\/revisions\/973"}],"wp:attachment":[{"href":"https:\/\/365fichaje.com\/index.php?rest_route=%2Fwp%2Fv2%2Fmedia&parent=53"}],"curies":[{"name":"wp","href":"https:\/\/api.w.org\/{rel}","templated":true}]}}